{"id":78,"date":"2024-08-27T13:07:35","date_gmt":"2024-08-27T13:07:35","guid":{"rendered":"https:\/\/erasmorentacar.com\/?page_id=78"},"modified":"2025-02-20T20:17:40","modified_gmt":"2025-02-20T20:17:40","slug":"contacto","status":"publish","type":"page","link":"https:\/\/erasmorentacar.com\/index.php\/contacto\/","title":{"rendered":"contacto"},"content":{"rendered":"\n\t<section class=\"section\" id=\"section_2141625237\">\n\t\t<div class=\"bg section-bg fill bg-fill  bg-loaded\" >\n\n\t\t\t\n\t\t\t\n\t\t\t\n\n\t\t<\/div>\n\n\t\t<div class=\"section-content relative\">\n\t\t\t\n\n<div class=\"slider-wrapper relative\" id=\"slider-1526915699\" >\n    <div class=\"slider slider-nav-circle slider-nav-large slider-nav-light slider-style-normal\"\n        data-flickity-options='{\n            \"cellAlign\": \"center\",\n            \"imagesLoaded\": true,\n            \"lazyLoad\": 1,\n            \"freeScroll\": false,\n            \"wrapAround\": true,\n            \"autoPlay\": 6000,\n            \"pauseAutoPlayOnHover\" : true,\n            \"prevNextButtons\": true,\n            \"contain\" : true,\n            \"adaptiveHeight\" : true,\n            \"dragThreshold\" : 10,\n            \"percentPosition\": true,\n            \"pageDots\": true,\n            \"rightToLeft\": false,\n            \"draggable\": true,\n            \"selectedAttraction\": 0.1,\n            \"parallax\" : 0,\n            \"friction\": 0.6        }'\n        >\n        \n\n\n  <div class=\"banner has-hover\" id=\"banner-1165840474\">\n          <div class=\"banner-inner fill\">\n        <div class=\"banner-bg fill\" >\n            <div class=\"bg fill bg-fill \"><\/div>\n                        <div class=\"overlay\"><\/div>            \n                    <\/div>\n        <div class=\"banner-layers container\">\n            <div class=\"fill banner-link\"><\/div>            \n\n   <div id=\"text-box-2105409698\" class=\"text-box banner-layer x50 md-x50 lg-x50 y50 md-y50 lg-y50 res-text\">\n                                <div class=\"text-box-content text dark\">\n              \n              <div class=\"text-inner text-center\">\n                  \n\n\t<div id=\"text-2617768405\" class=\"text\">\n\t\t\n\n<h1 class=\"uppercase\"><strong>CONTACTO<\/strong><\/h1>\n\t\t\n<style>\n#text-2617768405 {\n  font-size: 0.75rem;\n  line-height: 2.75;\n}\n@media (min-width:550px) {\n  #text-2617768405 {\n    font-size: 1.25rem;\n  }\n}\n<\/style>\n\t<\/div>\n\t\n\n              <\/div>\n           <\/div>\n                            \n<style>\n#text-box-2105409698 {\n  width: 81%;\n}\n#text-box-2105409698 .text-box-content {\n  font-size: 100%;\n}\n<\/style>\n    <\/div>\n \n\n        <\/div>\n      <\/div>\n\n            \n<style>\n#banner-1165840474 {\n  padding-top: 338px;\n}\n#banner-1165840474 .bg.bg-loaded {\n  background-image: url(https:\/\/erasmorentacar.com\/wp-content\/uploads\/2024\/08\/3-2.jpg);\n}\n#banner-1165840474 .overlay {\n  background-color: rgba(0, 0, 0, 0.558);\n}\n<\/style>\n  <\/div>\n\n\n\n     <\/div>\n\n     <div class=\"loading-spin dark large centered\"><\/div>\n\n     \t<\/div>\n\n\n\n\t\t<\/div>\n\n\t\t\n<style>\n#section_2141625237 {\n  padding-top: 0px;\n  padding-bottom: 0px;\n}\n<\/style>\n\t<\/section>\n\t\n\t<section class=\"section\" id=\"section_919148488\">\n\t\t<div class=\"bg section-bg fill bg-fill  bg-loaded\" >\n\n\t\t\t\n\t\t\t\n\t\t\t\n\n\t\t<\/div>\n\n\t\t<div class=\"section-content relative\">\n\t\t\t\n\n<div class=\"row\"  id=\"row-1320225075\">\n\n\n\t<div id=\"col-1275044629\" class=\"col medium-4 small-12 large-4\"  >\n\t\t<div class=\"col-inner\"  >\n\t\t\t\n\t\t\t\n\n<p>Conoce m\u00e1s de nosotros<\/p>\n\t<div id=\"text-783182591\" class=\"text\">\n\t\t\n\n<h3>Cont\u00e1ctanos<\/span><\/h3>\n\t\t\n<style>\n#text-783182591 {\n  font-size: 2.25rem;\n  line-height: 1.25;\n  text-align: left;\n  color: #000000;\n}\n#text-783182591 > * {\n  color: #000000;\n}\n<\/style>\n\t<\/div>\n\t\n\n\t\t<\/div>\n\t\t\t<\/div>\n\n\t\n\n\t<div id=\"col-223393186\" class=\"col medium-8 small-12 large-8\"  >\n\t\t<div class=\"col-inner\"  >\n\t\t\t\n\t\t\t\n\n\t<div id=\"text-2535335963\" class=\"text\">\n\t\t\n\n<p>Escr\u00edbenos al whatsapp y te contactamos para guiarte y contarte m\u00e1s de nuestros servicios!\u00a0<\/p>\n\t\t\n<style>\n#text-2535335963 {\n  font-size: 1.25rem;\n  color: rgb(0,0,0);\n}\n#text-2535335963 > * {\n  color: rgb(0,0,0);\n}\n@media (min-width:550px) {\n  #text-2535335963 {\n    font-size: 3rem;\n  }\n}\n<\/style>\n\t<\/div>\n\t\n\t<div id=\"text-3059197484\" class=\"text\">\n\t\t\n\n<p>Te invitamos a vivir una experiencia \u00fanica en una de las ciudades m\u00e1s vibrantes del mundo. <strong>Rel\u00e1jate y d\u00e9jate consentir con todo lo que necesitas para disfrutar al m\u00e1ximo.!<\/strong><\/p>\n<p>\u00a0<\/p>\n\t\t\n<style>\n#text-3059197484 {\n  color: rgb(0,0,0);\n}\n#text-3059197484 > * {\n  color: rgb(0,0,0);\n}\n<\/style>\n\t<\/div>\n\t\n\n\t\t<\/div>\n\t\t\t<\/div>\n\n\t\n\n<\/div>\n\n\t\t<\/div>\n\n\t\t\n<style>\n#section_919148488 {\n  padding-top: 78px;\n  padding-bottom: 78px;\n  background-color: rgb(231, 231, 231);\n}\n<\/style>\n\t<\/section>\n\t\n\n","protected":false},"excerpt":{"rendered":"","protected":false},"author":1,"featured_media":0,"parent":0,"menu_order":0,"comment_status":"closed","ping_status":"closed","template":"page-blank.php","meta":{"footnotes":""},"class_list":["post-78","page","type-page","status-publish","hentry"],"yoast_head":"<!-- This site is optimized with the Yoast SEO plugin v24.5 - https:\/\/yoast.com\/wordpress\/plugins\/seo\/ -->\n<title>contacto - Erasmo<\/title>\n<meta name=\"robots\" content=\"index, follow, max-snippet:-1, max-image-preview:large, max-video-preview:-1\" \/>\n<link rel=\"canonical\" href=\"https:\/\/erasmorentacar.com\/index.php\/contacto\/\" \/>\n<meta property=\"og:locale\" content=\"es_ES\" \/>\n<meta property=\"og:type\" content=\"article\" \/>\n<meta property=\"og:title\" content=\"contacto - Erasmo\" \/>\n<meta property=\"og:url\" content=\"https:\/\/erasmorentacar.com\/index.php\/contacto\/\" \/>\n<meta property=\"og:site_name\" content=\"Erasmo\" \/>\n<meta property=\"article:modified_time\" content=\"2025-02-20T20:17:40+00:00\" \/>\n<meta name=\"twitter:card\" content=\"summary_large_image\" \/>\n<meta name=\"twitter:label1\" content=\"Tiempo de lectura\" \/>\n\t<meta name=\"twitter:data1\" content=\"1 minuto\" \/>\n<script type=\"application\/ld+json\" class=\"yoast-schema-graph\">{\"@context\":\"https:\/\/schema.org\",\"@graph\":[{\"@type\":\"WebPage\",\"@id\":\"https:\/\/erasmorentacar.com\/index.php\/contacto\/\",\"url\":\"https:\/\/erasmorentacar.com\/index.php\/contacto\/\",\"name\":\"contacto - Erasmo\",\"isPartOf\":{\"@id\":\"https:\/\/erasmorentacar.com\/#website\"},\"datePublished\":\"2024-08-27T13:07:35+00:00\",\"dateModified\":\"2025-02-20T20:17:40+00:00\",\"breadcrumb\":{\"@id\":\"https:\/\/erasmorentacar.com\/index.php\/contacto\/#breadcrumb\"},\"inLanguage\":\"es\",\"potentialAction\":[{\"@type\":\"ReadAction\",\"target\":[\"https:\/\/erasmorentacar.com\/index.php\/contacto\/\"]}]},{\"@type\":\"BreadcrumbList\",\"@id\":\"https:\/\/erasmorentacar.com\/index.php\/contacto\/#breadcrumb\",\"itemListElement\":[{\"@type\":\"ListItem\",\"position\":1,\"name\":\"Portada\",\"item\":\"https:\/\/erasmorentacar.com\/\"},{\"@type\":\"ListItem\",\"position\":2,\"name\":\"contacto\"}]},{\"@type\":\"WebSite\",\"@id\":\"https:\/\/erasmorentacar.com\/#website\",\"url\":\"https:\/\/erasmorentacar.com\/\",\"name\":\"Erasmo\",\"description\":\"Rent a Car Miami\",\"potentialAction\":[{\"@type\":\"SearchAction\",\"target\":{\"@type\":\"EntryPoint\",\"urlTemplate\":\"https:\/\/erasmorentacar.com\/?s={search_term_string}\"},\"query-input\":{\"@type\":\"PropertyValueSpecification\",\"valueRequired\":true,\"valueName\":\"search_term_string\"}}],\"inLanguage\":\"es\"}]}<\/script>\n<!-- \/ Yoast SEO plugin. -->","yoast_head_json":{"title":"contacto - Erasmo","robots":{"index":"index","follow":"follow","max-snippet":"max-snippet:-1","max-image-preview":"max-image-preview:large","max-video-preview":"max-video-preview:-1"},"canonical":"https:\/\/erasmorentacar.com\/index.php\/contacto\/","og_locale":"es_ES","og_type":"article","og_title":"contacto - Erasmo","og_url":"https:\/\/erasmorentacar.com\/index.php\/contacto\/","og_site_name":"Erasmo","article_modified_time":"2025-02-20T20:17:40+00:00","twitter_card":"summary_large_image","twitter_misc":{"Tiempo de lectura":"1 minuto"},"schema":{"@context":"https:\/\/schema.org","@graph":[{"@type":"WebPage","@id":"https:\/\/erasmorentacar.com\/index.php\/contacto\/","url":"https:\/\/erasmorentacar.com\/index.php\/contacto\/","name":"contacto - Erasmo","isPartOf":{"@id":"https:\/\/erasmorentacar.com\/#website"},"datePublished":"2024-08-27T13:07:35+00:00","dateModified":"2025-02-20T20:17:40+00:00","breadcrumb":{"@id":"https:\/\/erasmorentacar.com\/index.php\/contacto\/#breadcrumb"},"inLanguage":"es","potentialAction":[{"@type":"ReadAction","target":["https:\/\/erasmorentacar.com\/index.php\/contacto\/"]}]},{"@type":"BreadcrumbList","@id":"https:\/\/erasmorentacar.com\/index.php\/contacto\/#breadcrumb","itemListElement":[{"@type":"ListItem","position":1,"name":"Portada","item":"https:\/\/erasmorentacar.com\/"},{"@type":"ListItem","position":2,"name":"contacto"}]},{"@type":"WebSite","@id":"https:\/\/erasmorentacar.com\/#website","url":"https:\/\/erasmorentacar.com\/","name":"Erasmo","description":"Rent a Car Miami","potentialAction":[{"@type":"SearchAction","target":{"@type":"EntryPoint","urlTemplate":"https:\/\/erasmorentacar.com\/?s={search_term_string}"},"query-input":{"@type":"PropertyValueSpecification","valueRequired":true,"valueName":"search_term_string"}}],"inLanguage":"es"}]}},"_links":{"self":[{"href":"https:\/\/erasmorentacar.com\/index.php\/wp-json\/wp\/v2\/pages\/78","targetHints":{"allow":["GET"]}}],"collection":[{"href":"https:\/\/erasmorentacar.com\/index.php\/wp-json\/wp\/v2\/pages"}],"about":[{"href":"https:\/\/erasmorentacar.com\/index.php\/wp-json\/wp\/v2\/types\/page"}],"author":[{"embeddable":true,"href":"https:\/\/erasmorentacar.com\/index.php\/wp-json\/wp\/v2\/users\/1"}],"replies":[{"embeddable":true,"href":"https:\/\/erasmorentacar.com\/index.php\/wp-json\/wp\/v2\/comments?post=78"}],"version-history":[{"count":8,"href":"https:\/\/erasmorentacar.com\/index.php\/wp-json\/wp\/v2\/pages\/78\/revisions"}],"predecessor-version":[{"id":238,"href":"https:\/\/erasmorentacar.com\/index.php\/wp-json\/wp\/v2\/pages\/78\/revisions\/238"}],"wp:attachment":[{"href":"https:\/\/erasmorentacar.com\/index.php\/wp-json\/wp\/v2\/media?parent=78"}],"curies":[{"name":"wp","href":"https:\/\/api.w.org\/{rel}","templated":true}]}}