{"id":53,"date":"2024-08-27T01:10:40","date_gmt":"2024-08-27T01:10:40","guid":{"rendered":"https:\/\/erasmorentacar.com\/?page_id=53"},"modified":"2024-11-25T11:48:58","modified_gmt":"2024-11-25T11:48:58","slug":"chevrolet-camaro-rent-a-car-en-miami","status":"publish","type":"page","link":"https:\/\/erasmorentacar.com\/index.php\/chevrolet-camaro-rent-a-car-en-miami\/","title":{"rendered":"Chevrolet Camaro Rent a car en Miami"},"content":{"rendered":"\n\t<section class=\"section\" id=\"section_605128867\">\n\t\t<div class=\"bg section-bg fill bg-fill  \" >\n\n\t\t\t\n\t\t\t<div class=\"section-bg-overlay absolute fill\"><\/div>\n\t\t\t\n\n\t\t<\/div>\n\n\t\t<div class=\"section-content relative\">\n\t\t\t\n\n<div class=\"row row-large\"  id=\"row-1947101690\">\n\n\n\t<div id=\"col-1995870757\" class=\"col medium-5 small-12 large-5\"  >\n\t\t<div class=\"col-inner\"  >\n\t\t\t\n\t\t\t\n\n\t<div class=\"img has-hover x md-x lg-x y md-y lg-y\" id=\"image_706113990\">\n\t\t\t\t\t\t\t\t<div class=\"img-inner image-zoom dark\" >\n\t\t\t<img loading=\"lazy\" decoding=\"async\" width=\"1020\" height=\"766\" src=\"https:\/\/erasmorentacar.com\/wp-content\/uploads\/2024\/08\/rent-a-car-miami-camaro-1024x769.jpg\" class=\"attachment-large size-large\" alt=\"\" srcset=\"https:\/\/erasmorentacar.com\/wp-content\/uploads\/2024\/08\/rent-a-car-miami-camaro-1024x769.jpg 1024w, https:\/\/erasmorentacar.com\/wp-content\/uploads\/2024\/08\/rent-a-car-miami-camaro-300x225.jpg 300w, https:\/\/erasmorentacar.com\/wp-content\/uploads\/2024\/08\/rent-a-car-miami-camaro-768x576.jpg 768w, https:\/\/erasmorentacar.com\/wp-content\/uploads\/2024\/08\/rent-a-car-miami-camaro.jpg 1199w\" sizes=\"auto, (max-width: 1020px) 100vw, 1020px\" \/>\t\t\t\t\t\t\n\t\t\t\t\t<\/div>\n\t\t\t\t\t\t\t\t\n<style>\n#image_706113990 {\n  width: 100%;\n}\n<\/style>\n\t<\/div>\n\t\n\n\n  \n    <div class=\"row large-columns-2 medium-columns- small-columns-4\">\n          <div class=\"gallery-col col\" >\n          <div class=\"col-inner\">\n            <a class=\"image-lightbox lightbox-gallery\" href=\"https:\/\/erasmorentacar.com\/wp-content\/uploads\/2024\/08\/rent-a-car-miami-camaro5-1024x769.jpg\" title=\"\">            <div class=\"box has-hover gallery-box box-overlay dark\">\n              <div class=\"box-image\" >\n                <img loading=\"lazy\" decoding=\"async\" width=\"300\" height=\"225\" src=\"https:\/\/erasmorentacar.com\/wp-content\/uploads\/2024\/08\/rent-a-car-miami-camaro5-300x225.jpg\" class=\"attachment-medium size-medium\" alt=\"\" ids=\"58,57,55,62\" columns=\"2\" columns__sm=\"4\" srcset=\"https:\/\/erasmorentacar.com\/wp-content\/uploads\/2024\/08\/rent-a-car-miami-camaro5-300x225.jpg 300w, https:\/\/erasmorentacar.com\/wp-content\/uploads\/2024\/08\/rent-a-car-miami-camaro5-1024x769.jpg 1024w, https:\/\/erasmorentacar.com\/wp-content\/uploads\/2024\/08\/rent-a-car-miami-camaro5-768x576.jpg 768w, https:\/\/erasmorentacar.com\/wp-content\/uploads\/2024\/08\/rent-a-car-miami-camaro5.jpg 1199w\" sizes=\"auto, (max-width: 300px) 100vw, 300px\" \/>                                  <div class=\"overlay fill\"\n                      style=\"background-color: rgba(0,0,0,.15)\">\n                  <\/div>\n                                                              <\/div>\n              <div class=\"box-text text-left\" >\n                 <p><\/p>\n              <\/div>\n            <\/div>\n            <\/a>          <\/div>\n         <\/div>\n                 <div class=\"gallery-col col\" >\n          <div class=\"col-inner\">\n            <a class=\"image-lightbox lightbox-gallery\" href=\"https:\/\/erasmorentacar.com\/wp-content\/uploads\/2024\/08\/rent-a-car-miami-camaro4-1024x769.jpg\" title=\"\">            <div class=\"box has-hover gallery-box box-overlay dark\">\n              <div class=\"box-image\" >\n                <img loading=\"lazy\" decoding=\"async\" width=\"300\" height=\"225\" src=\"https:\/\/erasmorentacar.com\/wp-content\/uploads\/2024\/08\/rent-a-car-miami-camaro4-300x225.jpg\" class=\"attachment-medium size-medium\" alt=\"\" ids=\"58,57,55,62\" columns=\"2\" columns__sm=\"4\" srcset=\"https:\/\/erasmorentacar.com\/wp-content\/uploads\/2024\/08\/rent-a-car-miami-camaro4-300x225.jpg 300w, https:\/\/erasmorentacar.com\/wp-content\/uploads\/2024\/08\/rent-a-car-miami-camaro4-1024x769.jpg 1024w, https:\/\/erasmorentacar.com\/wp-content\/uploads\/2024\/08\/rent-a-car-miami-camaro4-768x576.jpg 768w, https:\/\/erasmorentacar.com\/wp-content\/uploads\/2024\/08\/rent-a-car-miami-camaro4.jpg 1199w\" sizes=\"auto, (max-width: 300px) 100vw, 300px\" \/>                                  <div class=\"overlay fill\"\n                      style=\"background-color: rgba(0,0,0,.15)\">\n                  <\/div>\n                                                              <\/div>\n              <div class=\"box-text text-left\" >\n                 <p><\/p>\n              <\/div>\n            <\/div>\n            <\/a>          <\/div>\n         <\/div>\n                 <div class=\"gallery-col col\" >\n          <div class=\"col-inner\">\n            <a class=\"image-lightbox lightbox-gallery\" href=\"https:\/\/erasmorentacar.com\/wp-content\/uploads\/2024\/08\/rent-a-car-miami-camaro2-1024x769.jpg\" title=\"\">            <div class=\"box has-hover gallery-box box-overlay dark\">\n              <div class=\"box-image\" >\n                <img loading=\"lazy\" decoding=\"async\" width=\"300\" height=\"225\" src=\"https:\/\/erasmorentacar.com\/wp-content\/uploads\/2024\/08\/rent-a-car-miami-camaro2-300x225.jpg\" class=\"attachment-medium size-medium\" alt=\"\" ids=\"58,57,55,62\" columns=\"2\" columns__sm=\"4\" srcset=\"https:\/\/erasmorentacar.com\/wp-content\/uploads\/2024\/08\/rent-a-car-miami-camaro2-300x225.jpg 300w, https:\/\/erasmorentacar.com\/wp-content\/uploads\/2024\/08\/rent-a-car-miami-camaro2-1024x769.jpg 1024w, https:\/\/erasmorentacar.com\/wp-content\/uploads\/2024\/08\/rent-a-car-miami-camaro2-768x576.jpg 768w, https:\/\/erasmorentacar.com\/wp-content\/uploads\/2024\/08\/rent-a-car-miami-camaro2.jpg 1199w\" sizes=\"auto, (max-width: 300px) 100vw, 300px\" \/>                                  <div class=\"overlay fill\"\n                      style=\"background-color: rgba(0,0,0,.15)\">\n                  <\/div>\n                                                              <\/div>\n              <div class=\"box-text text-left\" >\n                 <p><\/p>\n              <\/div>\n            <\/div>\n            <\/a>          <\/div>\n         <\/div>\n                 <div class=\"gallery-col col\" >\n          <div class=\"col-inner\">\n            <a class=\"image-lightbox lightbox-gallery\" href=\"https:\/\/erasmorentacar.com\/wp-content\/uploads\/2024\/08\/rent-a-car-miami-camaro3-1-1024x769.jpg\" title=\"\">            <div class=\"box has-hover gallery-box box-overlay dark\">\n              <div class=\"box-image\" >\n                <img loading=\"lazy\" decoding=\"async\" width=\"300\" height=\"225\" src=\"https:\/\/erasmorentacar.com\/wp-content\/uploads\/2024\/08\/rent-a-car-miami-camaro3-1-300x225.jpg\" class=\"attachment-medium size-medium\" alt=\"\" ids=\"58,57,55,62\" columns=\"2\" columns__sm=\"4\" srcset=\"https:\/\/erasmorentacar.com\/wp-content\/uploads\/2024\/08\/rent-a-car-miami-camaro3-1-300x225.jpg 300w, https:\/\/erasmorentacar.com\/wp-content\/uploads\/2024\/08\/rent-a-car-miami-camaro3-1-1024x769.jpg 1024w, https:\/\/erasmorentacar.com\/wp-content\/uploads\/2024\/08\/rent-a-car-miami-camaro3-1-768x576.jpg 768w, https:\/\/erasmorentacar.com\/wp-content\/uploads\/2024\/08\/rent-a-car-miami-camaro3-1.jpg 1199w\" sizes=\"auto, (max-width: 300px) 100vw, 300px\" \/>                                  <div class=\"overlay fill\"\n                      style=\"background-color: rgba(0,0,0,.15)\">\n                  <\/div>\n                                                              <\/div>\n              <div class=\"box-text text-left\" >\n                 <p><\/p>\n              <\/div>\n            <\/div>\n            <\/a>          <\/div>\n         <\/div>\n         <\/div>\n\n\n\t\t<\/div>\n\t\t\n<style>\n#col-1995870757 > .col-inner {\n  margin: -4px 0px 15px 0px;\n}\n<\/style>\n\t<\/div>\n\n\t\n\n\t<div id=\"col-2130522264\" class=\"col medium-7 small-12 large-7\"  >\n\t\t<div class=\"col-inner\"  >\n\t\t\t\n\t\t\t\n\n\t<div id=\"text-2891203858\" class=\"text\">\n\t\t\n\n<h6>RENT A CAR<\/h6>\n\t\t\n<style>\n#text-2891203858 {\n  font-size: 0.75rem;\n  color: #d89807;\n}\n#text-2891203858 > * {\n  color: #d89807;\n}\n<\/style>\n\t<\/div>\n\t\n\t<div id=\"text-1773797148\" class=\"text\">\n\t\t\n\n<h1>CHEVROLET CAMARO<\/h1>\n\t\t\n<style>\n#text-1773797148 {\n  font-size: 1.5rem;\n  line-height: 1.25;\n  text-align: left;\n  color: rgb(255,255,255);\n}\n#text-1773797148 > * {\n  color: rgb(255,255,255);\n}\n<\/style>\n\t<\/div>\n\t\n<div class=\"row\"  id=\"row-1381189649\">\n\n\n\t<div id=\"col-1845807582\" class=\"col medium-3 small-12 large-3 col-divided\"  >\n\t\t<div class=\"col-inner\"  >\n\t\t\t\n\t\t\t\n\n\t<div id=\"text-1273680069\" class=\"text\">\n\t\t\n\n<p>Capacidad:<\/p>\n\t\t\n<style>\n#text-1273680069 {\n  color: #d89807;\n}\n#text-1273680069 > * {\n  color: #d89807;\n}\n<\/style>\n\t<\/div>\n\t\n\t<div id=\"text-1004046319\" class=\"text\">\n\t\t\n\n<p>2 Pasajeros<\/p>\n\t\t\n<style>\n#text-1004046319 {\n  color: rgb(255,255,255);\n}\n#text-1004046319 > * {\n  color: rgb(255,255,255);\n}\n<\/style>\n\t<\/div>\n\t\n\n\t\t<\/div>\n\t\t\t<\/div>\n\n\t\n\n\t<div id=\"col-1791212003\" class=\"col medium-3 small-12 large-3 col-divided\"  >\n\t\t<div class=\"col-inner\"  >\n\t\t\t\n\t\t\t\n\n\t<div id=\"text-511915113\" class=\"text\">\n\t\t\n\n<p>Maletero:<\/p>\n\t\t\n<style>\n#text-511915113 {\n  color: #d89807;\n}\n#text-511915113 > * {\n  color: #d89807;\n}\n<\/style>\n\t<\/div>\n\t\n\t<div id=\"text-1754246029\" class=\"text\">\n\t\t\n\n<p>2 Maletas Grandes + 2 bolsos medianos<\/p>\n\t\t\n<style>\n#text-1754246029 {\n  color: rgb(255,255,255);\n}\n#text-1754246029 > * {\n  color: rgb(255,255,255);\n}\n<\/style>\n\t<\/div>\n\t\n\n\t\t<\/div>\n\t\t\t<\/div>\n\n\t\n\n\t<div id=\"col-354243710\" class=\"col medium-3 small-12 large-3 col-divided\"  >\n\t\t<div class=\"col-inner\"  >\n\t\t\t\n\t\t\t\n\n\t<div id=\"text-3444838843\" class=\"text\">\n\t\t\n\n<p>Caja de cambios:<\/p>\n\t\t\n<style>\n#text-3444838843 {\n  color: #d89807;\n}\n#text-3444838843 > * {\n  color: #d89807;\n}\n<\/style>\n\t<\/div>\n\t\n\t<div id=\"text-644700055\" class=\"text\">\n\t\t\n\n<p>Autom\u00e1tica<\/p>\n\t\t\n<style>\n#text-644700055 {\n  color: rgb(255,255,255);\n}\n#text-644700055 > * {\n  color: rgb(255,255,255);\n}\n<\/style>\n\t<\/div>\n\t\n\n\t\t<\/div>\n\t\t\t<\/div>\n\n\t\n\n\t<div id=\"col-1058078828\" class=\"col medium-3 small-12 large-3\"  >\n\t\t<div class=\"col-inner\"  >\n\t\t\t\n\t\t\t\n\n\t<div id=\"text-363230679\" class=\"text\">\n\t\t\n\n<p>Kilometraje:<\/p>\n\t\t\n<style>\n#text-363230679 {\n  color: #d89807;\n}\n#text-363230679 > * {\n  color: #d89807;\n}\n<\/style>\n\t<\/div>\n\t\n\t<div id=\"text-4159467377\" class=\"text\">\n\t\t\n\n<p>Libre<\/p>\n\t\t\n<style>\n#text-4159467377 {\n  color: rgb(255,255,255);\n}\n#text-4159467377 > * {\n  color: rgb(255,255,255);\n}\n<\/style>\n\t<\/div>\n\t\n\n\t\t<\/div>\n\t\t\t<\/div>\n\n\t\n\n<\/div>\n<div class=\"row align-middle\"  id=\"row-1481386480\">\n\n\n\t<div id=\"col-1426666628\" class=\"col medium-11 small-12 large-11\"  >\n\t\t<div class=\"col-inner\"  >\n\t\t\t\n\t\t\t\n\n\t<div id=\"text-3052090856\" class=\"text\">\n\t\t\n\n<p><strong>Esta reserva incluye:<br \/><\/strong><\/p>\n<ul>\n<li>Esta reserva incluye:<\/li>\n<li>Protecci\u00f3n del veh\u00edculo contra robo Seguro de terceros<\/li>\n<li>Wi-fi uso whatsapp y gps<\/li>\n<li>1 conductor adicional<\/li>\n<li>Cancelar en cualquier momento.<\/li>\n<\/ul>\n\t\t\n<style>\n#text-3052090856 {\n  color: rgb(255,255,255);\n}\n#text-3052090856 > * {\n  color: rgb(255,255,255);\n}\n<\/style>\n\t<\/div>\n\t\n\t<div id=\"gap-1617509709\" class=\"gap-element clearfix\" style=\"display:block; height:auto;\">\n\t\t\n<style>\n#gap-1617509709 {\n  padding-top: 53px;\n}\n<\/style>\n\t<\/div>\n\t\n\n<div class=\"row\"  id=\"row-1048036667\">\n\n\n\t<div id=\"col-1974866457\" class=\"col medium-2 small-2 large-2\"  >\n\t\t<div class=\"col-inner\"  >\n\t\t\t\n\t\t\t\n\n\t<div class=\"img has-hover x md-x lg-x y md-y lg-y\" id=\"image_422546129\">\n\t\t<a class=\"\" href=\"#\"  >\t\t\t\t\t\t<div class=\"img-inner dark\" >\n\t\t\t<img loading=\"lazy\" decoding=\"async\" width=\"1\" height=\"1\" src=\"https:\/\/erasmorentacar.com\/wp-content\/uploads\/2024\/08\/ws.svg\" class=\"attachment-large size-large\" alt=\"\" \/>\t\t\t\t\t\t\n\t\t\t\t\t<\/div>\n\t\t\t\t\t\t<\/a>\t\t\n<style>\n#image_422546129 {\n  width: 100%;\n}\n<\/style>\n\t<\/div>\n\t\n\n\n\t\t<\/div>\n\t\t\t<\/div>\n\n\t\n\n\t<div id=\"col-1573144263\" class=\"col medium-9 small-10 large-9\"  >\n\t\t<div class=\"col-inner\"  >\n\t\t\t\n\t\t\t\n\n\t<div id=\"gap-591830293\" class=\"gap-element clearfix\" style=\"display:block; height:auto;\">\n\t\t\n<style>\n#gap-591830293 {\n  padding-top: 0px;\n}\n@media (min-width:550px) {\n  #gap-591830293 {\n    padding-top: 10px;\n  }\n}\n<\/style>\n\t<\/div>\n\t\n\n\t<div id=\"text-1980336358\" class=\"text #\">\n\t\t\n\n<p>Solicita m\u00e1s informaci\u00f3n<\/p>\n\t\t\n<style>\n#text-1980336358 {\n  font-size: 1.25rem;\n  color: rgb(255,255,255);\n}\n#text-1980336358 > * {\n  color: rgb(255,255,255);\n}\n@media (min-width:550px) {\n  #text-1980336358 {\n    font-size: 1.75rem;\n  }\n}\n<\/style>\n\t<\/div>\n\t\n\n\t\t<\/div>\n\t\t\t<\/div>\n\n\t\n\n<\/div>\n\n\t\t<\/div>\n\t\t\t<\/div>\n\n\t\n\n<\/div>\n\n\t\t<\/div>\n\t\t\t<\/div>\n\n\t\n\n<\/div>\n\n\t\t<\/div>\n\n\t\t\n<style>\n#section_605128867 {\n  padding-top: 76px;\n  padding-bottom: 76px;\n}\n#section_605128867 .section-bg-overlay {\n  background-color: rgba(0, 0, 0, 0.884);\n}\n#section_605128867 .section-bg.bg-loaded {\n  background-image: url(https:\/\/erasmorentacar.com\/wp-content\/uploads\/2024\/08\/bgcars.jpg);\n}\n<\/style>\n\t<\/section>\n\t\n\t<section class=\"section\" id=\"section_51372888\">\n\t\t<div class=\"bg section-bg fill bg-fill  bg-loaded\" >\n\n\t\t\t\n\t\t\t\n\t\t\t\n\n\t\t<\/div>\n\n\t\t<div class=\"section-content relative\">\n\t\t\t\n\n<div class=\"row\"  id=\"row-43822546\">\n\n\n\t<div id=\"col-886624928\" class=\"col medium-4 small-12 large-4\"  >\n\t\t<div class=\"col-inner\"  >\n\t\t\t\n\t\t\t\n\n<p>Preguntas m\u00e1s frecuentes<\/p>\n\t<div id=\"text-2195617750\" class=\"text\">\n\t\t\n\n<h3>Lo que debes saber antes de <span style=\"color: #d89807;\">arrendar un auto en Miami<\/span><\/h3>\n\t\t\n<style>\n#text-2195617750 {\n  font-size: 2.25rem;\n  line-height: 1.25;\n  text-align: left;\n  color: #000000;\n}\n#text-2195617750 > * {\n  color: #000000;\n}\n<\/style>\n\t<\/div>\n\t\n\n\t\t<\/div>\n\t\t\t<\/div>\n\n\t\n\n\t<div id=\"col-1662942641\" class=\"col medium-8 small-12 large-8\"  >\n\t\t<div class=\"col-inner\"  >\n\t\t\t\n\t\t\t\n\n<div class=\"accordion\" rel=\"\">\n\n<div class=\"accordion-item\"><a href=\"#\" class=\"accordion-title plain\"><button class=\"toggle\"><i class=\"icon-angle-down\"><\/i><\/button><span>\u00bfQu\u00e9 Necesito para arrendar un Auto en Miami?<\/span><\/a><div class=\"accordion-inner\">\n\n<p>Licencia de conducir vigente<br \/>Mayor de 25 a\u00f1os<br \/>Pasaporte<\/p>\n\n<\/div><\/div>\n<div class=\"accordion-item\"><a href=\"#\" class=\"accordion-title plain\"><button class=\"toggle\"><i class=\"icon-angle-down\"><\/i><\/button><span>Acerca la Cobertura de da\u00f1os al veh\u00edculo<\/span><\/a><div class=\"accordion-inner\">\n\n<p>Tenemos seguro incluido en el costo de la renta<\/p>\n\n<\/div><\/div>\n<div class=\"accordion-item\"><a href=\"#\" class=\"accordion-title plain\"><button class=\"toggle\"><i class=\"icon-angle-down\"><\/i><\/button><span>\u00bfCu\u00e1les son los medios de pago disponibles?<\/span><\/a><div class=\"accordion-inner\">\n\n<p>Efectivo- tarjeta de cr\u00e9dito<\/p>\n\n<\/div><\/div>\n<div class=\"accordion-item\"><a href=\"#\" class=\"accordion-title plain\"><button class=\"toggle\"><i class=\"icon-angle-down\"><\/i><\/button><span>\u00bfExiste alg\u00fan m\u00ednimo de d\u00edas para arrendar?<\/span><\/a><div class=\"accordion-inner\">\n\n<p>Solicitamos una renta de +3 d\u00edas<\/p>\n\n<\/div><\/div>\n<div class=\"accordion-item\"><a href=\"#\" class=\"accordion-title plain\"><button class=\"toggle\"><i class=\"icon-angle-down\"><\/i><\/button><span>\u00bfTienen conductor como servicio?<\/span><\/a><div class=\"accordion-inner\">\n\n<p>Si<\/p>\n\n<\/div><\/div>\n<div class=\"accordion-item\"><a href=\"#\" class=\"accordion-title plain\"><button class=\"toggle\"><i class=\"icon-angle-down\"><\/i><\/button><span>\u00bfPor d\u00f3nde puedo circular?<\/span><\/a><div class=\"accordion-inner\">\n\n<p>S\u00f3lo en el estado de la florida<\/p>\n\n<\/div><\/div>\n<div class=\"accordion-item\"><a href=\"#\" class=\"accordion-title plain\"><button class=\"toggle\"><i class=\"icon-angle-down\"><\/i><\/button><span>Tienen silla de ni\u00f1o disponible?<\/span><\/a><div class=\"accordion-inner\">\n\n<p>Si, sin costo para el cliente<\/p>\n\n<\/div><\/div>\n<div class=\"accordion-item\"><a href=\"#\" class=\"accordion-title plain\"><button class=\"toggle\"><i class=\"icon-angle-down\"><\/i><\/button><span>\u00bfEl seguro tiene costo extra?<\/span><\/a><div class=\"accordion-inner\">\n\n<p>Esta incluido en la renta<\/p>\n\n<\/div><\/div>\n<div class=\"accordion-item\"><a href=\"#\" class=\"accordion-title plain\"><button class=\"toggle\"><i class=\"icon-angle-down\"><\/i><\/button><span>\u00bfTienen entrega en Orlando?<\/span><\/a><div class=\"accordion-inner\">\n\n<p>Por el momento No tenemos operaci\u00f3n en orlando<\/p>\n\n<\/div><\/div>\n\n<\/div>\n\n\t\t<\/div>\n\t\t\t<\/div>\n\n\t\n\n<\/div>\n\n\t\t<\/div>\n\n\t\t\n<style>\n#section_51372888 {\n  padding-top: 78px;\n  padding-bottom: 78px;\n  background-color: rgb(255,255,255);\n}\n<\/style>\n\t<\/section>\n\t\n\n","protected":false},"excerpt":{"rendered":"","protected":false},"author":1,"featured_media":0,"parent":0,"menu_order":0,"comment_status":"closed","ping_status":"closed","template":"page-blank.php","meta":{"footnotes":""},"class_list":["post-53","page","type-page","status-publish","hentry"],"yoast_head":"<!-- This site is optimized with the Yoast SEO plugin v24.5 - https:\/\/yoast.com\/wordpress\/plugins\/seo\/ -->\n<title>Chevrolet Camaro Rent a car en Miami - Erasmo<\/title>\n<meta name=\"robots\" content=\"index, follow, max-snippet:-1, max-image-preview:large, max-video-preview:-1\" \/>\n<link rel=\"canonical\" href=\"https:\/\/erasmorentacar.com\/index.php\/chevrolet-camaro-rent-a-car-en-miami\/\" \/>\n<meta property=\"og:locale\" content=\"es_ES\" \/>\n<meta property=\"og:type\" content=\"article\" \/>\n<meta property=\"og:title\" content=\"Chevrolet Camaro Rent a car en Miami - Erasmo\" \/>\n<meta property=\"og:url\" content=\"https:\/\/erasmorentacar.com\/index.php\/chevrolet-camaro-rent-a-car-en-miami\/\" \/>\n<meta property=\"og:site_name\" content=\"Erasmo\" \/>\n<meta property=\"article:modified_time\" content=\"2024-11-25T11:48:58+00:00\" \/>\n<meta name=\"twitter:card\" content=\"summary_large_image\" \/>\n<meta name=\"twitter:label1\" content=\"Tiempo de lectura\" \/>\n\t<meta name=\"twitter:data1\" content=\"2 minutos\" \/>\n<script type=\"application\/ld+json\" class=\"yoast-schema-graph\">{\"@context\":\"https:\/\/schema.org\",\"@graph\":[{\"@type\":\"WebPage\",\"@id\":\"https:\/\/erasmorentacar.com\/index.php\/chevrolet-camaro-rent-a-car-en-miami\/\",\"url\":\"https:\/\/erasmorentacar.com\/index.php\/chevrolet-camaro-rent-a-car-en-miami\/\",\"name\":\"Chevrolet Camaro Rent a car en Miami - Erasmo\",\"isPartOf\":{\"@id\":\"https:\/\/erasmorentacar.com\/#website\"},\"datePublished\":\"2024-08-27T01:10:40+00:00\",\"dateModified\":\"2024-11-25T11:48:58+00:00\",\"breadcrumb\":{\"@id\":\"https:\/\/erasmorentacar.com\/index.php\/chevrolet-camaro-rent-a-car-en-miami\/#breadcrumb\"},\"inLanguage\":\"es\",\"potentialAction\":[{\"@type\":\"ReadAction\",\"target\":[\"https:\/\/erasmorentacar.com\/index.php\/chevrolet-camaro-rent-a-car-en-miami\/\"]}]},{\"@type\":\"BreadcrumbList\",\"@id\":\"https:\/\/erasmorentacar.com\/index.php\/chevrolet-camaro-rent-a-car-en-miami\/#breadcrumb\",\"itemListElement\":[{\"@type\":\"ListItem\",\"position\":1,\"name\":\"Portada\",\"item\":\"https:\/\/erasmorentacar.com\/\"},{\"@type\":\"ListItem\",\"position\":2,\"name\":\"Chevrolet Camaro Rent a car en Miami\"}]},{\"@type\":\"WebSite\",\"@id\":\"https:\/\/erasmorentacar.com\/#website\",\"url\":\"https:\/\/erasmorentacar.com\/\",\"name\":\"Erasmo\",\"description\":\"Rent a Car Miami\",\"potentialAction\":[{\"@type\":\"SearchAction\",\"target\":{\"@type\":\"EntryPoint\",\"urlTemplate\":\"https:\/\/erasmorentacar.com\/?s={search_term_string}\"},\"query-input\":{\"@type\":\"PropertyValueSpecification\",\"valueRequired\":true,\"valueName\":\"search_term_string\"}}],\"inLanguage\":\"es\"}]}<\/script>\n<!-- \/ Yoast SEO plugin. -->","yoast_head_json":{"title":"Chevrolet Camaro Rent a car en Miami - Erasmo","robots":{"index":"index","follow":"follow","max-snippet":"max-snippet:-1","max-image-preview":"max-image-preview:large","max-video-preview":"max-video-preview:-1"},"canonical":"https:\/\/erasmorentacar.com\/index.php\/chevrolet-camaro-rent-a-car-en-miami\/","og_locale":"es_ES","og_type":"article","og_title":"Chevrolet Camaro Rent a car en Miami - Erasmo","og_url":"https:\/\/erasmorentacar.com\/index.php\/chevrolet-camaro-rent-a-car-en-miami\/","og_site_name":"Erasmo","article_modified_time":"2024-11-25T11:48:58+00:00","twitter_card":"summary_large_image","twitter_misc":{"Tiempo de lectura":"2 minutos"},"schema":{"@context":"https:\/\/schema.org","@graph":[{"@type":"WebPage","@id":"https:\/\/erasmorentacar.com\/index.php\/chevrolet-camaro-rent-a-car-en-miami\/","url":"https:\/\/erasmorentacar.com\/index.php\/chevrolet-camaro-rent-a-car-en-miami\/","name":"Chevrolet Camaro Rent a car en Miami - Erasmo","isPartOf":{"@id":"https:\/\/erasmorentacar.com\/#website"},"datePublished":"2024-08-27T01:10:40+00:00","dateModified":"2024-11-25T11:48:58+00:00","breadcrumb":{"@id":"https:\/\/erasmorentacar.com\/index.php\/chevrolet-camaro-rent-a-car-en-miami\/#breadcrumb"},"inLanguage":"es","potentialAction":[{"@type":"ReadAction","target":["https:\/\/erasmorentacar.com\/index.php\/chevrolet-camaro-rent-a-car-en-miami\/"]}]},{"@type":"BreadcrumbList","@id":"https:\/\/erasmorentacar.com\/index.php\/chevrolet-camaro-rent-a-car-en-miami\/#breadcrumb","itemListElement":[{"@type":"ListItem","position":1,"name":"Portada","item":"https:\/\/erasmorentacar.com\/"},{"@type":"ListItem","position":2,"name":"Chevrolet Camaro Rent a car en Miami"}]},{"@type":"WebSite","@id":"https:\/\/erasmorentacar.com\/#website","url":"https:\/\/erasmorentacar.com\/","name":"Erasmo","description":"Rent a Car Miami","potentialAction":[{"@type":"SearchAction","target":{"@type":"EntryPoint","urlTemplate":"https:\/\/erasmorentacar.com\/?s={search_term_string}"},"query-input":{"@type":"PropertyValueSpecification","valueRequired":true,"valueName":"search_term_string"}}],"inLanguage":"es"}]}},"_links":{"self":[{"href":"https:\/\/erasmorentacar.com\/index.php\/wp-json\/wp\/v2\/pages\/53","targetHints":{"allow":["GET"]}}],"collection":[{"href":"https:\/\/erasmorentacar.com\/index.php\/wp-json\/wp\/v2\/pages"}],"about":[{"href":"https:\/\/erasmorentacar.com\/index.php\/wp-json\/wp\/v2\/types\/page"}],"author":[{"embeddable":true,"href":"https:\/\/erasmorentacar.com\/index.php\/wp-json\/wp\/v2\/users\/1"}],"replies":[{"embeddable":true,"href":"https:\/\/erasmorentacar.com\/index.php\/wp-json\/wp\/v2\/comments?post=53"}],"version-history":[{"count":6,"href":"https:\/\/erasmorentacar.com\/index.php\/wp-json\/wp\/v2\/pages\/53\/revisions"}],"predecessor-version":[{"id":136,"href":"https:\/\/erasmorentacar.com\/index.php\/wp-json\/wp\/v2\/pages\/53\/revisions\/136"}],"wp:attachment":[{"href":"https:\/\/erasmorentacar.com\/index.php\/wp-json\/wp\/v2\/media?parent=53"}],"curies":[{"name":"wp","href":"https:\/\/api.w.org\/{rel}","templated":true}]}}